{"id":2112,"date":"2022-12-15T19:04:31","date_gmt":"2022-12-15T19:04:31","guid":{"rendered":"https:\/\/flugelengenharia.com\/?page_id=2112"},"modified":"2022-12-15T19:06:34","modified_gmt":"2022-12-15T19:06:34","slug":"mechanical-project","status":"publish","type":"page","link":"https:\/\/flugelengenharia.com\/?page_id=2112","title":{"rendered":"Mechanical Project"},"content":{"rendered":"\t\t<div data-elementor-type=\"wp-page\" data-elementor-id=\"2112\" class=\"elementor elementor-2112\">\n\t\t\t\t\t\t\t\t\t<section class=\"elementor-section elementor-top-section elementor-element elementor-element-df0c7df elementor-section-full_width elementor-reverse-mobile elementor-section-height-default elementor-section-height-default\" data-id=\"df0c7df\" data-element_type=\"section\" data-settings=\"{&quot;background_background&quot;:&quot;classic&quot;}\">\n\t\t\t\t\t\t<div class=\"elementor-container elementor-column-gap-default\">\n\t\t\t\t\t<div class=\"elementor-column elementor-col-50 elementor-top-column elementor-element elementor-element-792e732\" data-id=\"792e732\" data-element_type=\"column\" data-settings=\"{&quot;background_background&quot;:&quot;classic&quot;}\">\n\t\t\t<div class=\"elementor-widget-wrap elementor-element-populated\">\n\t\t\t\t\t<div class=\"elementor-background-overlay\"><\/div>\n\t\t\t\t\t\t\t\t<div class=\"elementor-element elementor-element-207c299 elementor-widget elementor-widget-spacer\" data-id=\"207c299\" data-element_type=\"widget\" data-widget_type=\"spacer.default\">\n\t\t\t\t<div class=\"elementor-widget-container\">\n\t\t\t<style>\/*! elementor - v3.9.0 - 06-12-2022 *\/\n.elementor-column .elementor-spacer-inner{height:var(--spacer-size)}.e-con{--container-widget-width:100%}.e-con-inner>.elementor-widget-spacer,.e-con>.elementor-widget-spacer{width:var(--container-widget-width,var(--spacer-size));--align-self:var(--container-widget-align-self,initial);--flex-shrink:0}.e-con-inner>.elementor-widget-spacer>.elementor-widget-container,.e-con-inner>.elementor-widget-spacer>.elementor-widget-container>.elementor-spacer,.e-con>.elementor-widget-spacer>.elementor-widget-container,.e-con>.elementor-widget-spacer>.elementor-widget-container>.elementor-spacer{height:100%}.e-con-inner>.elementor-widget-spacer>.elementor-widget-container>.elementor-spacer>.elementor-spacer-inner,.e-con>.elementor-widget-spacer>.elementor-widget-container>.elementor-spacer>.elementor-spacer-inner{height:var(--container-widget-height,var(--spacer-size))}<\/style>\t\t<div class=\"elementor-spacer\">\n\t\t\t<div class=\"elementor-spacer-inner\"><\/div>\n\t\t<\/div>\n\t\t\t\t<\/div>\n\t\t\t\t<\/div>\n\t\t\t\t\t<\/div>\n\t\t<\/div>\n\t\t\t\t<div class=\"elementor-column elementor-col-50 elementor-top-column elementor-element elementor-element-2e159f52\" data-id=\"2e159f52\" data-element_type=\"column\" data-settings=\"{&quot;background_background&quot;:&quot;classic&quot;}\">\n\t\t\t<div class=\"elementor-widget-wrap elementor-element-populated\">\n\t\t\t\t\t<div class=\"elementor-background-overlay\"><\/div>\n\t\t\t\t\t\t\t\t<div class=\"elementor-element elementor-element-e9b2fc5 elementor-widget elementor-widget-heading\" data-id=\"e9b2fc5\" data-element_type=\"widget\" data-widget_type=\"heading.default\">\n\t\t\t\t<div class=\"elementor-widget-container\">\n\t\t\t<style>\/*! elementor - v3.9.0 - 06-12-2022 *\/\n.elementor-heading-title{padding:0;margin:0;line-height:1}.elementor-widget-heading .elementor-heading-title[class*=elementor-size-]>a{color:inherit;font-size:inherit;line-height:inherit}.elementor-widget-heading .elementor-heading-title.elementor-size-small{font-size:15px}.elementor-widget-heading .elementor-heading-title.elementor-size-medium{font-size:19px}.elementor-widget-heading .elementor-heading-title.elementor-size-large{font-size:29px}.elementor-widget-heading .elementor-heading-title.elementor-size-xl{font-size:39px}.elementor-widget-heading .elementor-heading-title.elementor-size-xxl{font-size:59px}<\/style><h1 class=\"elementor-heading-title elementor-size-default\">Mechanical Project<\/h1>\t\t<\/div>\n\t\t\t\t<\/div>\n\t\t\t\t<section class=\"elementor-section elementor-inner-section elementor-element elementor-element-ef49e21 elementor-section-boxed elementor-section-height-default elementor-section-height-default\" data-id=\"ef49e21\" data-element_type=\"section\">\n\t\t\t\t\t\t<div class=\"elementor-container elementor-column-gap-default\">\n\t\t\t\t\t<div class=\"elementor-column elementor-col-50 elementor-inner-column elementor-element elementor-element-0344714\" data-id=\"0344714\" data-element_type=\"column\">\n\t\t\t<div class=\"elementor-widget-wrap elementor-element-populated\">\n\t\t\t\t\t\t\t\t<div class=\"elementor-element elementor-element-5755a14 elementor-position-left elementor-vertical-align-top elementor-widget elementor-widget-image-box\" data-id=\"5755a14\" data-element_type=\"widget\" data-widget_type=\"image-box.default\">\n\t\t\t\t<div class=\"elementor-widget-container\">\n\t\t\t<style>\/*! elementor - v3.9.0 - 06-12-2022 *\/\n.elementor-widget-image-box .elementor-image-box-content{width:100%}@media (min-width:768px){.elementor-widget-image-box.elementor-position-left .elementor-image-box-wrapper,.elementor-widget-image-box.elementor-position-right .elementor-image-box-wrapper{display:flex}.elementor-widget-image-box.elementor-position-right .elementor-image-box-wrapper{text-align:right;flex-direction:row-reverse}.elementor-widget-image-box.elementor-position-left .elementor-image-box-wrapper{text-align:left;flex-direction:row}.elementor-widget-image-box.elementor-position-top .elementor-image-box-img{margin:auto}.elementor-widget-image-box.elementor-vertical-align-top .elementor-image-box-wrapper{align-items:flex-start}.elementor-widget-image-box.elementor-vertical-align-middle .elementor-image-box-wrapper{align-items:center}.elementor-widget-image-box.elementor-vertical-align-bottom .elementor-image-box-wrapper{align-items:flex-end}}@media (max-width:767px){.elementor-widget-image-box .elementor-image-box-img{margin-left:auto!important;margin-right:auto!important;margin-bottom:15px}}.elementor-widget-image-box .elementor-image-box-img{display:inline-block}.elementor-widget-image-box .elementor-image-box-title a{color:inherit}.elementor-widget-image-box .elementor-image-box-wrapper{text-align:center}.elementor-widget-image-box .elementor-image-box-description{margin:0}<\/style><div class=\"elementor-image-box-wrapper\"><\/div>\t\t<\/div>\n\t\t\t\t<\/div>\n\t\t\t\t\t<\/div>\n\t\t<\/div>\n\t\t\t\t<div class=\"elementor-column elementor-col-50 elementor-inner-column elementor-element elementor-element-7977493\" data-id=\"7977493\" data-element_type=\"column\">\n\t\t\t<div class=\"elementor-widget-wrap\">\n\t\t\t\t\t\t\t\t\t<\/div>\n\t\t<\/div>\n\t\t\t\t\t\t\t<\/div>\n\t\t<\/section>\n\t\t\t\t<div class=\"elementor-element elementor-element-8426633 elementor-mobile-align-center elementor-widget elementor-widget-button\" data-id=\"8426633\" data-element_type=\"widget\" data-widget_type=\"button.default\">\n\t\t\t\t<div class=\"elementor-widget-container\">\n\t\t\t\t\t<div class=\"elementor-button-wrapper\">\n\t\t\t<a href=\"https:\/\/api.whatsapp.com\/send\/?phone=5527996684219&#038;text=Ol%C3%A1%2C+gostarias+de+mais+informa%C3%A7%C3%B5es+sobre+os+servi%C3%A7os&#038;type=phone_number&#038;app_absent=0\" class=\"elementor-button-link elementor-button elementor-size-md\" role=\"button\">\n\t\t\t\t\t\t<span class=\"elementor-button-content-wrapper\">\n\t\t\t\t\t\t\t<span class=\"elementor-button-icon elementor-align-icon-right\">\n\t\t\t\t<i aria-hidden=\"true\" class=\"fas fa-arrow-right\"><\/i>\t\t\t<\/span>\n\t\t\t\t\t\t<span class=\"elementor-button-text\">Talk With Us <\/span>\n\t\t<\/span>\n\t\t\t\t\t<\/a>\n\t\t<\/div>\n\t\t\t\t<\/div>\n\t\t\t\t<\/div>\n\t\t\t\t\t<\/div>\n\t\t<\/div>\n\t\t\t\t\t\t\t<\/div>\n\t\t<\/section>\n\t\t\t\t<section class=\"elementor-section elementor-top-section elementor-element elementor-element-8a0de56 elementor-section-boxed elementor-section-height-default elementor-section-height-default\" data-id=\"8a0de56\" data-element_type=\"section\" data-settings=\"{&quot;background_background&quot;:&quot;classic&quot;}\">\n\t\t\t\t\t\t<div class=\"elementor-container elementor-column-gap-default\">\n\t\t\t\t\t<div class=\"elementor-column elementor-col-66 elementor-top-column elementor-element elementor-element-84bb3bc\" data-id=\"84bb3bc\" data-element_type=\"column\">\n\t\t\t<div class=\"elementor-widget-wrap elementor-element-populated\">\n\t\t\t\t\t\t\t\t<div class=\"elementor-element elementor-element-ef486dc elementor-arrows-position-inside elementor-pagination-position-outside elementor-widget elementor-widget-image-carousel\" data-id=\"ef486dc\" data-element_type=\"widget\" data-settings=\"{&quot;slides_to_show&quot;:&quot;1&quot;,&quot;navigation&quot;:&quot;both&quot;,&quot;autoplay&quot;:&quot;yes&quot;,&quot;pause_on_hover&quot;:&quot;yes&quot;,&quot;pause_on_interaction&quot;:&quot;yes&quot;,&quot;autoplay_speed&quot;:5000,&quot;infinite&quot;:&quot;yes&quot;,&quot;effect&quot;:&quot;slide&quot;,&quot;speed&quot;:500}\" data-widget_type=\"image-carousel.default\">\n\t\t\t\t<div class=\"elementor-widget-container\">\n\t\t\t<style>\/*! elementor - v3.9.0 - 06-12-2022 *\/\n.elementor-widget-image-carousel .swiper-container{position:static}.elementor-widget-image-carousel .swiper-container .swiper-slide figure{line-height:inherit}.elementor-widget-image-carousel .swiper-slide{text-align:center}.elementor-image-carousel-wrapper:not(.swiper-container-initialized) .swiper-slide{max-width:calc(100% \/ var(--e-image-carousel-slides-to-show,3))}<\/style>\t\t<div class=\"elementor-image-carousel-wrapper swiper-container\" dir=\"ltr\">\n\t\t\t<div class=\"elementor-image-carousel swiper-wrapper\">\n\t\t\t\t\t\t\t\t<div class=\"swiper-slide\"><figure class=\"swiper-slide-inner\"><img decoding=\"async\" class=\"swiper-slide-image\" src=\"https:\/\/flugelengenharia.com\/wp-content\/uploads\/2022\/10\/trocador-de-calor.png\" alt=\"\" \/><\/figure><\/div><div class=\"swiper-slide\"><figure class=\"swiper-slide-inner\"><img decoding=\"async\" class=\"swiper-slide-image\" src=\"https:\/\/flugelengenharia.com\/wp-content\/uploads\/elementor\/thumbs\/mesa-de-rolos-1-q9p9p8y3ssmo28lwe30bxhehz6glzy2rn6qw6rcp68.png\" alt=\"mesa de rolos\" \/><\/figure><\/div><div class=\"swiper-slide\"><figure class=\"swiper-slide-inner\"><img decoding=\"async\" class=\"swiper-slide-image\" src=\"https:\/\/flugelengenharia.com\/wp-content\/uploads\/elementor\/thumbs\/asdqwe-1-q9p9p8y3ssmo28lwe30bxhehz6glzy2rn6qw6rcp68.png\" alt=\"asdqwe\" \/><\/figure><\/div><div class=\"swiper-slide\"><figure class=\"swiper-slide-inner\"><img decoding=\"async\" class=\"swiper-slide-image\" src=\"https:\/\/flugelengenharia.com\/wp-content\/uploads\/elementor\/thumbs\/render-ultima-dessa-peca-copiar-1-q9p9p9vxzmnydukj8leyhz5ykkbz7n6hzbedo1bb00.png\" alt=\"render ultima dessa pe\u00e7a copiar\" \/><\/figure><\/div><div class=\"swiper-slide\"><figure class=\"swiper-slide-inner\"><img decoding=\"async\" class=\"swiper-slide-image\" src=\"https:\/\/flugelengenharia.com\/wp-content\/uploads\/2022\/10\/vista-em-corte-escala-1.png\" alt=\"\" \/><\/figure><\/div><div class=\"swiper-slide\"><figure class=\"swiper-slide-inner\"><img decoding=\"async\" class=\"swiper-slide-image\" src=\"https:\/\/flugelengenharia.com\/wp-content\/uploads\/elementor\/thumbs\/0001-q9p9p8y3ssmo28lwe30bxhehz6glzy2rn6qw6rcp68.jpg\" alt=\"0001\" \/><\/figure><\/div>\t\t\t<\/div>\n\t\t\t\t\t\t\t\t\t\t\t\t<div class=\"swiper-pagination\"><\/div>\n\t\t\t\t\t\t\t\t\t\t\t\t\t<div class=\"elementor-swiper-button elementor-swiper-button-prev\">\n\t\t\t\t\t\t<i aria-hidden=\"true\" class=\"eicon-chevron-left\"><\/i>\t\t\t\t\t\t<span class=\"elementor-screen-only\">Anterior<\/span>\n\t\t\t\t\t<\/div>\n\t\t\t\t\t<div class=\"elementor-swiper-button elementor-swiper-button-next\">\n\t\t\t\t\t\t<i aria-hidden=\"true\" class=\"eicon-chevron-right\"><\/i>\t\t\t\t\t\t<span class=\"elementor-screen-only\">Pr\u00f3ximo<\/span>\n\t\t\t\t\t<\/div>\n\t\t\t\t\t\t\t\t\t<\/div>\n\t\t\t\t<\/div>\n\t\t\t\t<\/div>\n\t\t\t\t\t<\/div>\n\t\t<\/div>\n\t\t\t\t<div class=\"elementor-column elementor-col-33 elementor-top-column elementor-element elementor-element-42b395e\" data-id=\"42b395e\" data-element_type=\"column\">\n\t\t\t<div class=\"elementor-widget-wrap elementor-element-populated\">\n\t\t\t\t\t\t\t\t<div class=\"elementor-element elementor-element-fd06199 elementor-widget elementor-widget-heading\" data-id=\"fd06199\" data-element_type=\"widget\" data-widget_type=\"heading.default\">\n\t\t\t\t<div class=\"elementor-widget-container\">\n\t\t\t<h2 class=\"elementor-heading-title elementor-size-default\">Machines Project <\/h2>\t\t<\/div>\n\t\t\t\t<\/div>\n\t\t\t\t<div class=\"elementor-element elementor-element-36d55f1 elementor-widget elementor-widget-text-editor\" data-id=\"36d55f1\" data-element_type=\"widget\" data-widget_type=\"text-editor.default\">\n\t\t\t\t<div class=\"elementor-widget-container\">\n\t\t\t<style>\/*! elementor - v3.9.0 - 06-12-2022 *\/\n.elementor-widget-text-editor.elementor-drop-cap-view-stacked .elementor-drop-cap{background-color:#818a91;color:#fff}.elementor-widget-text-editor.elementor-drop-cap-view-framed .elementor-drop-cap{color:#818a91;border:3px solid;background-color:transparent}.elementor-widget-text-editor:not(.elementor-drop-cap-view-default) .elementor-drop-cap{margin-top:8px}.elementor-widget-text-editor:not(.elementor-drop-cap-view-default) .elementor-drop-cap-letter{width:1em;height:1em}.elementor-widget-text-editor .elementor-drop-cap{float:left;text-align:center;line-height:1;font-size:50px}.elementor-widget-text-editor .elementor-drop-cap-letter{display:inline-block}<\/style>\t\t\t\t<p>Machinery and Equipment projects tailored to meet customer needs. Our projects are done in stages ranging from understanding the initial idea to final production with a maintenance manual and of course with customer monitoring at all stages.<\/p>\n<p>Machine Projects<\/p>\n<p>Retrofit<\/p>\n<p>Automation<\/p>\n<p><\/p>\t\t\t\t\t\t<\/div>\n\t\t\t\t<\/div>\n\t\t\t\t\t<\/div>\n\t\t<\/div>\n\t\t\t\t\t\t\t<\/div>\n\t\t<\/section>\n\t\t\t\t\t\t\t<\/div>\n\t\t","protected":false},"excerpt":{"rendered":"<p>Mechanical Project Talk With Us Anterior Pr\u00f3ximo Machines Project Machinery and Equipment projects tailored to meet customer needs. Our projects are done in stages ranging from understanding the initial idea to final production with a maintenance manual and of course with customer monitoring at all stages. Machine Projects Retrofit Automation<\/p>\n","protected":false},"author":1,"featured_media":0,"parent":0,"menu_order":0,"comment_status":"closed","ping_status":"closed","template":"","meta":{"_mi_skip_tracking":false,"site-sidebar-layout":"no-sidebar","site-content-layout":"page-builder","ast-global-header-display":"","ast-main-header-display":"","ast-hfb-above-header-display":"","ast-hfb-below-header-display":"","ast-hfb-mobile-header-display":"","site-post-title":"disabled","ast-breadcrumbs-content":"","ast-featured-img":"disabled","footer-sml-layout":"","theme-transparent-header-meta":"default","adv-header-id-meta":"","stick-header-meta":"","header-above-stick-meta":"","header-main-stick-meta":"","header-below-stick-meta":"","_joinchat":[],"footnotes":""},"class_list":["post-2112","page","type-page","status-publish","hentry"],"aioseo_notices":[],"yoast_head":"\n<title>Mechanical Project - flugelengenharia.com<\/title>\n<meta name=\"description\" content=\"Seu projeto mec\u00e2nico feito exatamente para atender suas necessidades. Projetos desenvolvido por etapas, come\u00e7ando do conceito at\u00e9 \u00e1 produ\u00e7\u00e3o.\" \/>\n<meta name=\"robots\" content=\"index, follow, max-snippet:-1, max-image-preview:large, max-video-preview:-1\" \/>\n<link rel=\"canonical\" href=\"https:\/\/flugelengenharia.com\/?page_id=2112\" \/>\n<meta property=\"og:locale\" content=\"pt_BR\" \/>\n<meta property=\"og:type\" content=\"article\" \/>\n<meta property=\"og:title\" content=\"Mechanical Project - flugelengenharia.com\" \/>\n<meta property=\"og:description\" content=\"Seu projeto mec\u00e2nico feito exatamente para atender suas necessidades. Projetos desenvolvido por etapas, come\u00e7ando do conceito at\u00e9 \u00e1 produ\u00e7\u00e3o.\" \/>\n<meta property=\"og:url\" content=\"https:\/\/flugelengenharia.com\/?page_id=2112\" \/>\n<meta property=\"og:site_name\" content=\"flugelengenharia.com\" \/>\n<meta property=\"article:modified_time\" content=\"2022-12-15T19:06:34+00:00\" \/>\n<meta property=\"og:image\" content=\"http:\/\/flugelengenharia.com\/wp-content\/uploads\/elementor\/thumbs\/trocador-de-calor-pwolxmq72y8w4v78468rzmg4sj001h7vhegd6t3gxc.png\" \/>\n<meta name=\"twitter:card\" content=\"summary_large_image\" \/>\n<meta name=\"twitter:label1\" content=\"Est. tempo de leitura\" \/>\n\t<meta name=\"twitter:data1\" content=\"2 minutos\" \/>\n<script type=\"application\/ld+json\" class=\"yoast-schema-graph\">{\"@context\":\"https:\/\/schema.org\",\"@graph\":[{\"@type\":\"WebPage\",\"@id\":\"https:\/\/flugelengenharia.com\/?page_id=2112\",\"url\":\"https:\/\/flugelengenharia.com\/?page_id=2112\",\"name\":\"Mechanical Project - flugelengenharia.com\",\"isPartOf\":{\"@id\":\"https:\/\/flugelengenharia.com\/#website\"},\"datePublished\":\"2022-12-15T19:04:31+00:00\",\"dateModified\":\"2022-12-15T19:06:34+00:00\",\"description\":\"Seu projeto mec\u00e2nico feito exatamente para atender suas necessidades. Projetos desenvolvido por etapas, come\u00e7ando do conceito at\u00e9 \u00e1 produ\u00e7\u00e3o.\",\"breadcrumb\":{\"@id\":\"https:\/\/flugelengenharia.com\/?page_id=2112#breadcrumb\"},\"inLanguage\":\"pt-BR\",\"potentialAction\":[{\"@type\":\"ReadAction\",\"target\":[\"https:\/\/flugelengenharia.com\/?page_id=2112\"]}]},{\"@type\":\"BreadcrumbList\",\"@id\":\"https:\/\/flugelengenharia.com\/?page_id=2112#breadcrumb\",\"itemListElement\":[{\"@type\":\"ListItem\",\"position\":1,\"name\":\"In\u00edcio\",\"item\":\"https:\/\/flugelengenharia.com\/\"},{\"@type\":\"ListItem\",\"position\":2,\"name\":\"Mechanical Project\"}]},{\"@type\":\"WebSite\",\"@id\":\"https:\/\/flugelengenharia.com\/#website\",\"url\":\"https:\/\/flugelengenharia.com\/\",\"name\":\"flugelengenharia.com\",\"description\":\"Just another WordPress site\",\"publisher\":{\"@id\":\"https:\/\/flugelengenharia.com\/#organization\"},\"potentialAction\":[{\"@type\":\"SearchAction\",\"target\":{\"@type\":\"EntryPoint\",\"urlTemplate\":\"https:\/\/flugelengenharia.com\/?s={search_term_string}\"},\"query-input\":\"required name=search_term_string\"}],\"inLanguage\":\"pt-BR\"},{\"@type\":\"Organization\",\"@id\":\"https:\/\/flugelengenharia.com\/#organization\",\"name\":\"flugelengenharia.com\",\"url\":\"https:\/\/flugelengenharia.com\/\",\"logo\":{\"@type\":\"ImageObject\",\"inLanguage\":\"pt-BR\",\"@id\":\"https:\/\/flugelengenharia.com\/#\/schema\/logo\/image\/\",\"url\":\"https:\/\/flugelengenharia.com\/wp-content\/uploads\/2023\/01\/cropped-logo-in-english.png\",\"contentUrl\":\"https:\/\/flugelengenharia.com\/wp-content\/uploads\/2023\/01\/cropped-logo-in-english.png\",\"width\":540,\"height\":180,\"caption\":\"flugelengenharia.com\"},\"image\":{\"@id\":\"https:\/\/flugelengenharia.com\/#\/schema\/logo\/image\/\"}}]}<\/script>\n","yoast_head_json":{"title":"Mechanical Project - flugelengenharia.com","description":"Seu projeto mec\u00e2nico feito exatamente para atender suas necessidades. Projetos desenvolvido por etapas, come\u00e7ando do conceito at\u00e9 \u00e1 produ\u00e7\u00e3o.","robots":{"index":"index","follow":"follow","max-snippet":"max-snippet:-1","max-image-preview":"max-image-preview:large","max-video-preview":"max-video-preview:-1"},"canonical":"https:\/\/flugelengenharia.com\/?page_id=2112","og_locale":"pt_BR","og_type":"article","og_title":"Mechanical Project - flugelengenharia.com","og_description":"Seu projeto mec\u00e2nico feito exatamente para atender suas necessidades. Projetos desenvolvido por etapas, come\u00e7ando do conceito at\u00e9 \u00e1 produ\u00e7\u00e3o.","og_url":"https:\/\/flugelengenharia.com\/?page_id=2112","og_site_name":"flugelengenharia.com","article_modified_time":"2022-12-15T19:06:34+00:00","og_image":[{"url":"http:\/\/flugelengenharia.com\/wp-content\/uploads\/elementor\/thumbs\/trocador-de-calor-pwolxmq72y8w4v78468rzmg4sj001h7vhegd6t3gxc.png"}],"twitter_card":"summary_large_image","twitter_misc":{"Est. tempo de leitura":"2 minutos"},"schema":{"@context":"https:\/\/schema.org","@graph":[{"@type":"WebPage","@id":"https:\/\/flugelengenharia.com\/?page_id=2112","url":"https:\/\/flugelengenharia.com\/?page_id=2112","name":"Mechanical Project - flugelengenharia.com","isPartOf":{"@id":"https:\/\/flugelengenharia.com\/#website"},"datePublished":"2022-12-15T19:04:31+00:00","dateModified":"2022-12-15T19:06:34+00:00","description":"Seu projeto mec\u00e2nico feito exatamente para atender suas necessidades. Projetos desenvolvido por etapas, come\u00e7ando do conceito at\u00e9 \u00e1 produ\u00e7\u00e3o.","breadcrumb":{"@id":"https:\/\/flugelengenharia.com\/?page_id=2112#breadcrumb"},"inLanguage":"pt-BR","potentialAction":[{"@type":"ReadAction","target":["https:\/\/flugelengenharia.com\/?page_id=2112"]}]},{"@type":"BreadcrumbList","@id":"https:\/\/flugelengenharia.com\/?page_id=2112#breadcrumb","itemListElement":[{"@type":"ListItem","position":1,"name":"In\u00edcio","item":"https:\/\/flugelengenharia.com\/"},{"@type":"ListItem","position":2,"name":"Mechanical Project"}]},{"@type":"WebSite","@id":"https:\/\/flugelengenharia.com\/#website","url":"https:\/\/flugelengenharia.com\/","name":"flugelengenharia.com","description":"Just another WordPress site","publisher":{"@id":"https:\/\/flugelengenharia.com\/#organization"},"potentialAction":[{"@type":"SearchAction","target":{"@type":"EntryPoint","urlTemplate":"https:\/\/flugelengenharia.com\/?s={search_term_string}"},"query-input":"required name=search_term_string"}],"inLanguage":"pt-BR"},{"@type":"Organization","@id":"https:\/\/flugelengenharia.com\/#organization","name":"flugelengenharia.com","url":"https:\/\/flugelengenharia.com\/","logo":{"@type":"ImageObject","inLanguage":"pt-BR","@id":"https:\/\/flugelengenharia.com\/#\/schema\/logo\/image\/","url":"https:\/\/flugelengenharia.com\/wp-content\/uploads\/2023\/01\/cropped-logo-in-english.png","contentUrl":"https:\/\/flugelengenharia.com\/wp-content\/uploads\/2023\/01\/cropped-logo-in-english.png","width":540,"height":180,"caption":"flugelengenharia.com"},"image":{"@id":"https:\/\/flugelengenharia.com\/#\/schema\/logo\/image\/"}}]}},"_links":{"self":[{"href":"https:\/\/flugelengenharia.com\/index.php?rest_route=\/wp\/v2\/pages\/2112","targetHints":{"allow":["GET"]}}],"collection":[{"href":"https:\/\/flugelengenharia.com\/index.php?rest_route=\/wp\/v2\/pages"}],"about":[{"href":"https:\/\/flugelengenharia.com\/index.php?rest_route=\/wp\/v2\/types\/page"}],"author":[{"embeddable":true,"href":"https:\/\/flugelengenharia.com\/index.php?rest_route=\/wp\/v2\/users\/1"}],"replies":[{"embeddable":true,"href":"https:\/\/flugelengenharia.com\/index.php?rest_route=%2Fwp%2Fv2%2Fcomments&post=2112"}],"version-history":[{"count":4,"href":"https:\/\/flugelengenharia.com\/index.php?rest_route=\/wp\/v2\/pages\/2112\/revisions"}],"predecessor-version":[{"id":2117,"href":"https:\/\/flugelengenharia.com\/index.php?rest_route=\/wp\/v2\/pages\/2112\/revisions\/2117"}],"wp:attachment":[{"href":"https:\/\/flugelengenharia.com\/index.php?rest_route=%2Fwp%2Fv2%2Fmedia&parent=2112"}],"curies":[{"name":"wp","href":"https:\/\/api.w.org\/{rel}","templated":true}]}}